{"id":820,"date":"2021-03-22T11:57:32","date_gmt":"2021-03-22T15:57:32","guid":{"rendered":"http:\/\/lapostpandemia.com\/?page_id=820"},"modified":"2021-03-22T12:02:24","modified_gmt":"2021-03-22T16:02:24","slug":"820-2","status":"publish","type":"page","link":"https:\/\/lapostpandemia.com\/index.php\/820-2\/","title":{"rendered":"GOCE"},"content":{"rendered":"<div id=\"tdi_1_926\" class=\"tdc-zone\"><div class=\"tdc_zone tdi_2_92f  wpb_row td-pb-row\"  >\n<style scoped>\n\n\/* custom css *\/\n.tdi_2_92f{\r\n                    min-height: 0;\r\n                }\n<\/style><div id=\"tdi_3_269\" class=\"tdc-row\"><div class=\"vc_row tdi_4_de3  wpb_row td-pb-row\" >\n<style scoped>\n\n\/* custom css *\/\n.tdi_4_de3{\r\n                    min-height: 0;\r\n                }\n<\/style><div class=\"vc_column tdi_6_b9f  wpb_column vc_column_container tdc-column td-pb-span12\">\n<style scoped>\n\n\/* custom css *\/\n.tdi_6_b9f{\r\n                    vertical-align: baseline;\r\n                }\n<\/style><div class=\"wpb_wrapper\"><div class=\"td_block_wrap td_block_video_embed tdi_7_e94 td-pb-border-top td_block_template_1\"  data-td-block-uid=\"tdi_7_e94\" >\n<style>\n\/* custom css *\/\n.tdi_7_e94 .wpb_video_wrapper{\r\n                    position: relative;\r\n                    height: 0;\r\n                    padding-bottom: 56.25%;\r\n                }.tdi_7_e94 iframe{\r\n                    position: absolute;\r\n                    top: 0;\r\n                    left: 0;\r\n                    width: 100% !important;\r\n                    height: 100% !important;\r\n                }\n<\/style><div class=\"td-block-title-wrap\"><\/div><div id=tdi_7_e94 class=\"td_block_inner td-fix-index\">\r\n                            <div class=\"wpb_video_wrapper\">\r\n                                <iframe class=\"td-youtube-player\" width=\"600\" height=\"560\" src=\"https:\/\/www.youtube.com\/embed\/nBEvFqla3pY?enablejsapi=1&feature=oembed&wmode=opaque&vq=hd720&autoplay=1&&\" frameborder=\"0\" allowfullscreen=\"\" allow=\"autoplay\"><\/iframe>                            \r\n                            <\/div>\r\n        \r\n                    <script type=\"text\/javascript\">\r\n                            \r\n                        jQuery().ready(function() {\r\n                            tdShowVideo.loadApiYoutube(); \r\n                        });\r\n                        \r\n                    <\/script><\/div><\/div><\/div><\/div><\/div><\/div><div id=\"tdi_8_599\" class=\"tdc-row\"><div class=\"vc_row tdi_9_89d  wpb_row td-pb-row\" >\n<style scoped>\n\n\/* custom css *\/\n.tdi_9_89d{\r\n                    min-height: 0;\r\n                }\n<\/style><div class=\"vc_column tdi_11_935  wpb_column vc_column_container tdc-column td-pb-span12\">\n<style scoped>\n\n\/* custom css *\/\n.tdi_11_935{\r\n                    vertical-align: baseline;\r\n                }\n<\/style><div class=\"wpb_wrapper\"><div class=\"td_block_wrap td_block_title tdi_12_333 td-pb-border-top td_block_template_5 td-fix-index\"  data-td-block-uid=\"tdi_12_333\" ><h4 class=\"td-block-title\"><span class=\"td-pulldown-size\">Reportaje<\/span><\/h4><\/div><\/div><\/div><\/div><\/div><div id=\"tdi_13_869\" class=\"tdc-row\"><div class=\"vc_row tdi_14_6bf  wpb_row td-pb-row\" >\n<style scoped>\n\n\/* custom css *\/\n.tdi_14_6bf{\r\n                    min-height: 0;\r\n                }\n<\/style><div class=\"vc_column tdi_16_6fb  wpb_column vc_column_container tdc-column td-pb-span12\">\n<style scoped>\n\n\/* custom css *\/\n.tdi_16_6fb{\r\n                    vertical-align: baseline;\r\n                }\n<\/style><div class=\"wpb_wrapper\"><div class=\"td_block_wrap td_block_video_embed tdi_17_6b9 td-pb-border-top td_block_template_1\"  data-td-block-uid=\"tdi_17_6b9\" >\n<style>\n\/* custom css *\/\n.tdi_17_6b9 .wpb_video_wrapper{\r\n                    position: relative;\r\n                    height: 0;\r\n                    padding-bottom: 56.25%;\r\n                }.tdi_17_6b9 iframe{\r\n                    position: absolute;\r\n                    top: 0;\r\n                    left: 0;\r\n                    width: 100% !important;\r\n                    height: 100% !important;\r\n                }\n<\/style><div class=\"td-block-title-wrap\"><\/div><div id=tdi_17_6b9 class=\"td_block_inner td-fix-index\">\r\n                            <div class=\"wpb_video_wrapper\">\r\n                                <iframe class=\"td-youtube-player\" width=\"600\" height=\"560\" src=\"https:\/\/www.youtube.com\/embed\/K2ibdilM7P4?enablejsapi=1&feature=oembed&wmode=opaque&vq=hd720&autoplay=1&&\" frameborder=\"0\" allowfullscreen=\"\" allow=\"autoplay\"><\/iframe>                            \r\n                            <\/div>\r\n        \r\n                    <script type=\"text\/javascript\">\r\n                            \r\n                        jQuery().ready(function() {\r\n                            tdShowVideo.loadApiYoutube(); \r\n                        });\r\n                        \r\n                    <\/script><\/div><\/div><\/div><\/div><\/div><\/div><div id=\"tdi_18_933\" class=\"tdc-row\"><div class=\"vc_row tdi_19_959  wpb_row td-pb-row\" >\n<style scoped>\n\n\/* custom css *\/\n.tdi_19_959{\r\n                    min-height: 0;\r\n                }\n<\/style><div class=\"vc_column tdi_21_2fe  wpb_column vc_column_container tdc-column td-pb-span12\">\n<style scoped>\n\n\/* custom css *\/\n.tdi_21_2fe{\r\n                    vertical-align: baseline;\r\n                }\n<\/style><div class=\"wpb_wrapper\"><div class=\"td_block_wrap td_block_title tdi_22_959 td-pb-border-top td_block_template_5 td-fix-index\"  data-td-block-uid=\"tdi_22_959\" ><h4 class=\"td-block-title\"><span class=\"td-pulldown-size\">M\u00e1s del Goce<\/span><\/h4><\/div><div class=\"td_block_wrap td_block_14 tdi_23_f2f td-pb-full-cell td-pb-border-top td_block_template_1 td-column-3\"  data-td-block-uid=\"tdi_23_f2f\" ><script>var block_tdi_23_f2f = new tdBlock();\nblock_tdi_23_f2f.id = \"tdi_23_f2f\";\nblock_tdi_23_f2f.atts = '{\"0\":\"\",\"separator\":\"\",\"custom_title\":\"\",\"custom_url\":\"\",\"block_template_id\":\"\",\"mx1_tl\":\"\",\"post_ids\":\"\",\"category_id\":\"\",\"category_ids\":\"\",\"tag_slug\":\"\",\"autors_id\":\"\",\"installed_post_types\":\"\",\"sort\":\"\",\"limit\":\"5\",\"offset\":\"\",\"show_modified_date\":\"\",\"el_class\":\"\",\"td_ajax_filter_type\":\"\",\"td_ajax_filter_ids\":\"\",\"td_filter_default_txt\":\"All\",\"td_ajax_preloading\":\"\",\"f_header_font_header\":\"\",\"f_header_font_title\":\"Block header\",\"f_header_font_settings\":\"\",\"f_header_font_family\":\"\",\"f_header_font_size\":\"\",\"f_header_font_line_height\":\"\",\"f_header_font_style\":\"\",\"f_header_font_weight\":\"\",\"f_header_font_transform\":\"\",\"f_header_font_spacing\":\"\",\"f_header_\":\"\",\"f_ajax_font_title\":\"Ajax categories\",\"f_ajax_font_settings\":\"\",\"f_ajax_font_family\":\"\",\"f_ajax_font_size\":\"\",\"f_ajax_font_line_height\":\"\",\"f_ajax_font_style\":\"\",\"f_ajax_font_weight\":\"\",\"f_ajax_font_transform\":\"\",\"f_ajax_font_spacing\":\"\",\"f_ajax_\":\"\",\"f_more_font_title\":\"Load more button\",\"f_more_font_settings\":\"\",\"f_more_font_family\":\"\",\"f_more_font_size\":\"\",\"f_more_font_line_height\":\"\",\"f_more_font_style\":\"\",\"f_more_font_weight\":\"\",\"f_more_font_transform\":\"\",\"f_more_font_spacing\":\"\",\"f_more_\":\"\",\"mx1f_title_font_header\":\"\",\"mx1f_title_font_title\":\"Article title\",\"mx1f_title_font_settings\":\"\",\"mx1f_title_font_family\":\"\",\"mx1f_title_font_size\":\"\",\"mx1f_title_font_line_height\":\"\",\"mx1f_title_font_style\":\"\",\"mx1f_title_font_weight\":\"\",\"mx1f_title_font_transform\":\"\",\"mx1f_title_font_spacing\":\"\",\"mx1f_title_\":\"\",\"mx1f_cat_font_title\":\"Article category tag\",\"mx1f_cat_font_settings\":\"\",\"mx1f_cat_font_family\":\"\",\"mx1f_cat_font_size\":\"\",\"mx1f_cat_font_line_height\":\"\",\"mx1f_cat_font_style\":\"\",\"mx1f_cat_font_weight\":\"\",\"mx1f_cat_font_transform\":\"\",\"mx1f_cat_font_spacing\":\"\",\"mx1f_cat_\":\"\",\"mx1f_meta_font_title\":\"Article meta info\",\"mx1f_meta_font_settings\":\"\",\"mx1f_meta_font_family\":\"\",\"mx1f_meta_font_size\":\"\",\"mx1f_meta_font_line_height\":\"\",\"mx1f_meta_font_style\":\"\",\"mx1f_meta_font_weight\":\"\",\"mx1f_meta_font_transform\":\"\",\"mx1f_meta_font_spacing\":\"\",\"mx1f_meta_\":\"\",\"ajax_pagination\":\"\",\"ajax_pagination_infinite_stop\":\"\",\"css\":\"\",\"tdc_css\":\"\",\"td_column_number\":3,\"header_color\":\"\",\"color_preset\":\"\",\"border_top\":\"\",\"class\":\"tdi_23_f2f\",\"tdc_css_class\":\"tdi_23_f2f\",\"tdc_css_class_style\":\"tdi_23_f2f_rand_style\"}';\nblock_tdi_23_f2f.td_column_number = \"3\";\nblock_tdi_23_f2f.block_type = \"td_block_14\";\nblock_tdi_23_f2f.post_count = \"5\";\nblock_tdi_23_f2f.found_posts = \"27\";\nblock_tdi_23_f2f.header_color = \"\";\nblock_tdi_23_f2f.ajax_pagination_infinite_stop = \"\";\nblock_tdi_23_f2f.max_num_pages = \"6\";\ntdBlocksArray.push(block_tdi_23_f2f);\n<\/script><div class=\"td-block-title-wrap\"><\/div><div id=tdi_23_f2f class=\"td_block_inner td-column-3\">\n\n\t<div class=\"td-block-row\">\n\n\t<div class=\"td-block-span4\">\n\r\n        <div class=\"td_module_mx1 td_module_wrap td-animation-stack\">\r\n            <div class=\"td-module-thumb\"><a href=\"https:\/\/lapostpandemia.com\/index.php\/2022\/05\/30\/dialogos-post-pandemicos-se-sufre-pero-se-goza\/\" rel=\"bookmark\" class=\"td-image-wrap \" title=\"Post pand\u00e9micos TV: se sufre pero se goza\" ><img class=\"entry-thumb\" src=\"data:image\/png;base64,iVBORw0KGgoAAAANSUhEUgAAAWQAAADcAQMAAAB9O0nPAAAAA1BMVEWurq51dlI4AAAAAXRSTlMmkutdmwAAACBJREFUaN7twTEBAAAAwiD7p7bDbmAAAAAAAAAAAABAdieIAAGQh2mWAAAAAElFTkSuQmCC\" alt=\"\" title=\"Post pand\u00e9micos TV: se sufre pero se goza\" data-type=\"image_tag\" data-img-url=\"https:\/\/lapostpandemia.com\/wp-content\/uploads\/2022\/05\/goce-miniatura-356x220.png\" data-img-retina-url=\"https:\/\/lapostpandemia.com\/wp-content\/uploads\/2022\/05\/goce-miniatura-712x440.png\" width=\"356\" height=\"220\" \/><span class=\"td-video-play-ico\"><i class=\"td-icon-video-thumb-play\"><\/i><\/span><\/a><\/div>\r\n            <div class=\"td-module-meta-info\">\r\n                <h3 class=\"entry-title td-module-title\"><a href=\"https:\/\/lapostpandemia.com\/index.php\/2022\/05\/30\/dialogos-post-pandemicos-se-sufre-pero-se-goza\/\" rel=\"bookmark\" title=\"Post pand\u00e9micos TV: se sufre pero se goza\">Post pand\u00e9micos TV: se sufre pero se goza<\/a><\/h3>                <div class=\"td-editor-date\">\r\n                                        <span class=\"td-author-date\">\r\n                                                <span class=\"td-post-date\"><time class=\"entry-date updated td-module-date\" datetime=\"2022-05-30T18:08:06-04:00\" >30 de mayo de 2022<\/time><\/span>                    <\/span>\r\n                <\/div>\r\n            <\/div>\r\n\r\n        <\/div>\r\n\r\n        \n\t<\/div> <!-- .\/td-block-span4 -->\n\n\t<div class=\"td-block-span4\">\n\r\n        <div class=\"td_module_mx1 td_module_wrap td-animation-stack\">\r\n            <div class=\"td-module-thumb\"><a href=\"https:\/\/lapostpandemia.com\/index.php\/2022\/05\/30\/postpandemicos-tv-el-trabajo-que-el-virus-nos-dio-y-tambien-nos-quito\/\" rel=\"bookmark\" class=\"td-image-wrap \" title=\"Post pand\u00e9micos TV: El trabajo que el virus nos dio y tambi\u00e9n nos quit\u00f3\" ><img class=\"entry-thumb\" src=\"data:image\/png;base64,iVBORw0KGgoAAAANSUhEUgAAAWQAAADcAQMAAAB9O0nPAAAAA1BMVEWurq51dlI4AAAAAXRSTlMmkutdmwAAACBJREFUaN7twTEBAAAAwiD7p7bDbmAAAAAAAAAAAABAdieIAAGQh2mWAAAAAElFTkSuQmCC\" alt=\"\" title=\"Post pand\u00e9micos TV: El trabajo que el virus nos dio y tambi\u00e9n nos quit\u00f3\" data-type=\"image_tag\" data-img-url=\"https:\/\/lapostpandemia.com\/wp-content\/uploads\/2022\/05\/trabajo-miniatura-356x220.png\" data-img-retina-url=\"https:\/\/lapostpandemia.com\/wp-content\/uploads\/2022\/05\/trabajo-miniatura-712x440.png\" width=\"356\" height=\"220\" \/><span class=\"td-video-play-ico\"><i class=\"td-icon-video-thumb-play\"><\/i><\/span><\/a><\/div>\r\n            <div class=\"td-module-meta-info\">\r\n                <h3 class=\"entry-title td-module-title\"><a href=\"https:\/\/lapostpandemia.com\/index.php\/2022\/05\/30\/postpandemicos-tv-el-trabajo-que-el-virus-nos-dio-y-tambien-nos-quito\/\" rel=\"bookmark\" title=\"Post pand\u00e9micos TV: El trabajo que el virus nos dio y tambi\u00e9n nos quit\u00f3\">Post pand\u00e9micos TV: El trabajo que el virus nos dio y tambi\u00e9n nos quit\u00f3<\/a><\/h3>                <div class=\"td-editor-date\">\r\n                                        <span class=\"td-author-date\">\r\n                                                <span class=\"td-post-date\"><time class=\"entry-date updated td-module-date\" datetime=\"2022-05-30T18:02:55-04:00\" >30 de mayo de 2022<\/time><\/span>                    <\/span>\r\n                <\/div>\r\n            <\/div>\r\n\r\n        <\/div>\r\n\r\n        \n\t<\/div> <!-- .\/td-block-span4 -->\n\n\t<div class=\"td-block-span4\">\n\r\n        <div class=\"td_module_mx1 td_module_wrap td-animation-stack\">\r\n            <div class=\"td-module-thumb\"><a href=\"https:\/\/lapostpandemia.com\/index.php\/2022\/05\/30\/post-pandemicos-tv-el-virus-que-entro-por-la-boca\/\" rel=\"bookmark\" class=\"td-image-wrap \" title=\"Post pand\u00e9micos TV: el virus que entr\u00f3 por la boca\" ><img class=\"entry-thumb\" src=\"data:image\/png;base64,iVBORw0KGgoAAAANSUhEUgAAAWQAAADcAQMAAAB9O0nPAAAAA1BMVEWurq51dlI4AAAAAXRSTlMmkutdmwAAACBJREFUaN7twTEBAAAAwiD7p7bDbmAAAAAAAAAAAABAdieIAAGQh2mWAAAAAElFTkSuQmCC\" alt=\"miniatura alimentacion\" title=\"Post pand\u00e9micos TV: el virus que entr\u00f3 por la boca\" data-type=\"image_tag\" data-img-url=\"https:\/\/lapostpandemia.com\/wp-content\/uploads\/2022\/05\/Alimentacio\u0301n-miniatura-356x220.png\" data-img-retina-url=\"https:\/\/lapostpandemia.com\/wp-content\/uploads\/2022\/05\/Alimentacio\u0301n-miniatura-712x440.png\" width=\"356\" height=\"220\" \/><span class=\"td-video-play-ico\"><i class=\"td-icon-video-thumb-play\"><\/i><\/span><\/a><\/div>\r\n            <div class=\"td-module-meta-info\">\r\n                <h3 class=\"entry-title td-module-title\"><a href=\"https:\/\/lapostpandemia.com\/index.php\/2022\/05\/30\/post-pandemicos-tv-el-virus-que-entro-por-la-boca\/\" rel=\"bookmark\" title=\"Post pand\u00e9micos TV: el virus que entr\u00f3 por la boca\">Post pand\u00e9micos TV: el virus que entr\u00f3 por la boca<\/a><\/h3>                <div class=\"td-editor-date\">\r\n                                        <span class=\"td-author-date\">\r\n                                                <span class=\"td-post-date\"><time class=\"entry-date updated td-module-date\" datetime=\"2022-05-30T17:53:48-04:00\" >30 de mayo de 2022<\/time><\/span>                    <\/span>\r\n                <\/div>\r\n            <\/div>\r\n\r\n        <\/div>\r\n\r\n        \n\t<\/div> <!-- .\/td-block-span4 --><\/div><!--.\/row-fluid-->\n\n\t<div class=\"td-block-row\">\n\n\t<div class=\"td-block-span4\">\n\r\n        <div class=\"td_module_mx1 td_module_wrap td-animation-stack\">\r\n            <div class=\"td-module-thumb\"><a href=\"https:\/\/lapostpandemia.com\/index.php\/2022\/05\/24\/salud-mental-la-otra-pandemia\/\" rel=\"bookmark\" class=\"td-image-wrap \" title=\"Salud mental: la otra pandemia\" ><img class=\"entry-thumb\" src=\"data:image\/png;base64,iVBORw0KGgoAAAANSUhEUgAAAWQAAADcAQMAAAB9O0nPAAAAA1BMVEWurq51dlI4AAAAAXRSTlMmkutdmwAAACBJREFUaN7twTEBAAAAwiD7p7bDbmAAAAAAAAAAAABAdieIAAGQh2mWAAAAAElFTkSuQmCC\" alt=\"salud mental\" title=\"Salud mental: la otra pandemia\" data-type=\"image_tag\" data-img-url=\"https:\/\/lapostpandemia.com\/wp-content\/uploads\/2022\/05\/salud-mental-356x220.png\" data-img-retina-url=\"https:\/\/lapostpandemia.com\/wp-content\/uploads\/2022\/05\/salud-mental-712x440.png\" width=\"356\" height=\"220\" \/><\/a><\/div>\r\n            <div class=\"td-module-meta-info\">\r\n                <h3 class=\"entry-title td-module-title\"><a href=\"https:\/\/lapostpandemia.com\/index.php\/2022\/05\/24\/salud-mental-la-otra-pandemia\/\" rel=\"bookmark\" title=\"Salud mental: la otra pandemia\">Salud mental: la otra pandemia<\/a><\/h3>                <div class=\"td-editor-date\">\r\n                                        <span class=\"td-author-date\">\r\n                                                <span class=\"td-post-date\"><time class=\"entry-date updated td-module-date\" datetime=\"2022-05-24T18:49:16-04:00\" >24 de mayo de 2022<\/time><\/span>                    <\/span>\r\n                <\/div>\r\n            <\/div>\r\n\r\n        <\/div>\r\n\r\n        \n\t<\/div> <!-- .\/td-block-span4 -->\n\n\t<div class=\"td-block-span4\">\n\r\n        <div class=\"td_module_mx1 td_module_wrap td-animation-stack\">\r\n            <div class=\"td-module-thumb\"><a href=\"https:\/\/lapostpandemia.com\/index.php\/2022\/05\/24\/trabajo-hacia-un-modelo-hibrido\/\" rel=\"bookmark\" class=\"td-image-wrap \" title=\"Trabajo: hacia un modelo h\u00edbrido\" ><img class=\"entry-thumb\" src=\"data:image\/png;base64,iVBORw0KGgoAAAANSUhEUgAAAWQAAADcAQMAAAB9O0nPAAAAA1BMVEWurq51dlI4AAAAAXRSTlMmkutdmwAAACBJREFUaN7twTEBAAAAwiD7p7bDbmAAAAAAAAAAAABAdieIAAGQh2mWAAAAAElFTkSuQmCC\" alt=\"\" title=\"Trabajo: hacia un modelo h\u00edbrido\" data-type=\"image_tag\" data-img-url=\"https:\/\/lapostpandemia.com\/wp-content\/uploads\/2022\/05\/wok-office-356x220.png\" data-img-retina-url=\"https:\/\/lapostpandemia.com\/wp-content\/uploads\/2022\/05\/wok-office-712x440.png\" width=\"356\" height=\"220\" \/><\/a><\/div>\r\n            <div class=\"td-module-meta-info\">\r\n                <h3 class=\"entry-title td-module-title\"><a href=\"https:\/\/lapostpandemia.com\/index.php\/2022\/05\/24\/trabajo-hacia-un-modelo-hibrido\/\" rel=\"bookmark\" title=\"Trabajo: hacia un modelo h\u00edbrido\">Trabajo: hacia un modelo h\u00edbrido<\/a><\/h3>                <div class=\"td-editor-date\">\r\n                                        <span class=\"td-author-date\">\r\n                                                <span class=\"td-post-date\"><time class=\"entry-date updated td-module-date\" datetime=\"2022-05-24T18:27:11-04:00\" >24 de mayo de 2022<\/time><\/span>                    <\/span>\r\n                <\/div>\r\n            <\/div>\r\n\r\n        <\/div>\r\n\r\n        \n\t<\/div> <!-- .\/td-block-span4 --><\/div><!--.\/row-fluid--><\/div><\/div> <!-- .\/block --><div class=\"clearfix\"><\/div><\/div><\/div><\/div><\/div><\/div><\/div>","protected":false},"excerpt":{"rendered":"","protected":false},"author":1,"featured_media":0,"parent":0,"menu_order":0,"comment_status":"closed","ping_status":"closed","template":"","meta":[],"_links":{"self":[{"href":"https:\/\/lapostpandemia.com\/index.php\/wp-json\/wp\/v2\/pages\/820"}],"collection":[{"href":"https:\/\/lapostpandemia.com\/index.php\/wp-json\/wp\/v2\/pages"}],"about":[{"href":"https:\/\/lapostpandemia.com\/index.php\/wp-json\/wp\/v2\/types\/page"}],"author":[{"embeddable":true,"href":"https:\/\/lapostpandemia.com\/index.php\/wp-json\/wp\/v2\/users\/1"}],"replies":[{"embeddable":true,"href":"https:\/\/lapostpandemia.com\/index.php\/wp-json\/wp\/v2\/comments?post=820"}],"version-history":[{"count":3,"href":"https:\/\/lapostpandemia.com\/index.php\/wp-json\/wp\/v2\/pages\/820\/revisions"}],"predecessor-version":[{"id":823,"href":"https:\/\/lapostpandemia.com\/index.php\/wp-json\/wp\/v2\/pages\/820\/revisions\/823"}],"wp:attachment":[{"href":"https:\/\/lapostpandemia.com\/index.php\/wp-json\/wp\/v2\/media?parent=820"}],"curies":[{"name":"wp","href":"https:\/\/api.w.org\/{rel}","templated":true}]}}